{"id":969,"date":"2025-01-20T09:33:18","date_gmt":"2025-01-20T07:33:18","guid":{"rendered":"https:\/\/www.hasamaki.fi\/?page_id=969"},"modified":"2025-01-20T09:33:21","modified_gmt":"2025-01-20T07:33:21","slug":"rinneravintola","status":"publish","type":"page","link":"https:\/\/www.hasamaki.fi\/index.php\/rinneravintola\/","title":{"rendered":"Rinneravintola"},"content":{"rendered":"\n<p><img loading=\"lazy\" decoding=\"async\" class=\"alignnone size-full wp-image-320\" src=\"https:\/\/www.hasamaki.fi\/wp-content\/uploads\/2018\/11\/salmon-518032_1920.jpg\" alt=\"\" width=\"1920\" height=\"1440\" srcset=\"https:\/\/www.hasamaki.fi\/wp-content\/uploads\/2018\/11\/salmon-518032_1920.jpg 1920w, https:\/\/www.hasamaki.fi\/wp-content\/uploads\/2018\/11\/salmon-518032_1920-300x225.jpg 300w, https:\/\/www.hasamaki.fi\/wp-content\/uploads\/2018\/11\/salmon-518032_1920-768x576.jpg 768w, https:\/\/www.hasamaki.fi\/wp-content\/uploads\/2018\/11\/salmon-518032_1920-1024x768.jpg 1024w, https:\/\/www.hasamaki.fi\/wp-content\/uploads\/2018\/11\/salmon-518032_1920-830x623.jpg 830w, https:\/\/www.hasamaki.fi\/wp-content\/uploads\/2018\/11\/salmon-518032_1920-230x173.jpg 230w, https:\/\/www.hasamaki.fi\/wp-content\/uploads\/2018\/11\/salmon-518032_1920-350x263.jpg 350w, https:\/\/www.hasamaki.fi\/wp-content\/uploads\/2018\/11\/salmon-518032_1920-480x360.jpg 480w\" sizes=\"auto, (max-width: 1920px) 100vw, 1920px\" \/><\/p>\n\n\n\n<h2>Rinneriemujen lomassa ruoka maistuu!<\/h2>\n<p>Mukavan rinnep\u00e4iv\u00e4n kruunaa maistuva v\u00e4lipala tai kunnon tuhti ruoka-annos ruokajuomineen rinneravintolassamme.<\/p>\n<p>Voit nauttia tuoreista leivonnaisista, kuumista juomista, virvokkeista kuin grilliherkuista sek\u00e4 pikkupurtavista. Nauti herkuistamme takkatulen loisteessa tai ulkoterassilla.<\/p>\n<p>Rinneravintolassamme on noin 40 asiakaspaikkaa. Tiloja muuntelemalla voidaan sis\u00e4tiloihin j\u00e4rjest\u00e4\u00e4 paikat isommallekin ryhm\u00e4lle.<\/p>\n<h3>Viihdyt varmasti Hasalla!<\/h3>\n\n\n","protected":false},"excerpt":{"rendered":"<p>Rinneriemujen lomassa ruoka maistuu! Mukavan rinnep\u00e4iv\u00e4n kruunaa maistuva v\u00e4lipala tai kunnon tuhti ruoka-annos ruokajuomineen rinneravintolassamme. Voit nauttia tuoreista leivonnaisista, kuumista juomista, virvokkeista [&hellip;]<\/p>\n","protected":false},"author":2,"featured_media":0,"parent":0,"menu_order":0,"comment_status":"closed","ping_status":"closed","template":"","meta":{"footnotes":""},"class_list":["post-969","page","type-page","status-publish","hentry"],"_links":{"self":[{"href":"https:\/\/www.hasamaki.fi\/index.php\/wp-json\/wp\/v2\/pages\/969","targetHints":{"allow":["GET"]}}],"collection":[{"href":"https:\/\/www.hasamaki.fi\/index.php\/wp-json\/wp\/v2\/pages"}],"about":[{"href":"https:\/\/www.hasamaki.fi\/index.php\/wp-json\/wp\/v2\/types\/page"}],"author":[{"embeddable":true,"href":"https:\/\/www.hasamaki.fi\/index.php\/wp-json\/wp\/v2\/users\/2"}],"replies":[{"embeddable":true,"href":"https:\/\/www.hasamaki.fi\/index.php\/wp-json\/wp\/v2\/comments?post=969"}],"version-history":[{"count":2,"href":"https:\/\/www.hasamaki.fi\/index.php\/wp-json\/wp\/v2\/pages\/969\/revisions"}],"predecessor-version":[{"id":1081,"href":"https:\/\/www.hasamaki.fi\/index.php\/wp-json\/wp\/v2\/pages\/969\/revisions\/1081"}],"wp:attachment":[{"href":"https:\/\/www.hasamaki.fi\/index.php\/wp-json\/wp\/v2\/media?parent=969"}],"curies":[{"name":"wp","href":"https:\/\/api.w.org\/{rel}","templated":true}]}}