{"id":966,"date":"2025-01-20T09:29:10","date_gmt":"2025-01-20T07:29:10","guid":{"rendered":"https:\/\/www.hasamaki.fi\/?page_id=966"},"modified":"2026-02-10T21:04:06","modified_gmt":"2026-02-10T19:04:06","slug":"suksihuolto","status":"publish","type":"page","link":"https:\/\/www.hasamaki.fi\/index.php\/suksihuolto\/","title":{"rendered":"Suksihuolto"},"content":{"rendered":"\n<p><img loading=\"lazy\" decoding=\"async\" class=\"alignnone wp-image-1074\" src=\"https:\/\/www.hasamaki.fi\/wp-content\/uploads\/2026\/02\/suksihuolto-kuva-www-sivulle-300x125.jpg\" alt=\"\" width=\"578\" height=\"241\" srcset=\"https:\/\/www.hasamaki.fi\/wp-content\/uploads\/2026\/02\/suksihuolto-kuva-www-sivulle-300x125.jpg 300w, https:\/\/www.hasamaki.fi\/wp-content\/uploads\/2026\/02\/suksihuolto-kuva-www-sivulle-1024x427.jpg 1024w, https:\/\/www.hasamaki.fi\/wp-content\/uploads\/2026\/02\/suksihuolto-kuva-www-sivulle-768x320.jpg 768w, https:\/\/www.hasamaki.fi\/wp-content\/uploads\/2026\/02\/suksihuolto-kuva-www-sivulle-1536x640.jpg 1536w, https:\/\/www.hasamaki.fi\/wp-content\/uploads\/2026\/02\/suksihuolto-kuva-www-sivulle-1000x417.jpg 1000w, https:\/\/www.hasamaki.fi\/wp-content\/uploads\/2026\/02\/suksihuolto-kuva-www-sivulle-230x96.jpg 230w, https:\/\/www.hasamaki.fi\/wp-content\/uploads\/2026\/02\/suksihuolto-kuva-www-sivulle-350x146.jpg 350w, https:\/\/www.hasamaki.fi\/wp-content\/uploads\/2026\/02\/suksihuolto-kuva-www-sivulle-480x200.jpg 480w, https:\/\/www.hasamaki.fi\/wp-content\/uploads\/2026\/02\/suksihuolto-kuva-www-sivulle.jpg 1920w\" sizes=\"auto, (max-width: 578px) 100vw, 578px\" \/><\/p>\n\n\n\n<h3>Suksi- ja lautailuv\u00e4linehuoltomme palvelee!<\/h3>\n<p>Asiantunteva henkil\u00f6kuntamme palvelee sinua kaikissa lasketteluv\u00e4lineitten huoltoon ja kunnostamiseen liittyviss\u00e4 asioissa!<\/p>\n\n\n","protected":false},"excerpt":{"rendered":"<p>Suksi- ja lautailuv\u00e4linehuoltomme palvelee! Asiantunteva henkil\u00f6kuntamme palvelee sinua kaikissa lasketteluv\u00e4lineitten huoltoon ja kunnostamiseen liittyviss\u00e4 asioissa!<\/p>\n","protected":false},"author":2,"featured_media":0,"parent":0,"menu_order":0,"comment_status":"closed","ping_status":"closed","template":"","meta":{"footnotes":""},"class_list":["post-966","page","type-page","status-publish","hentry"],"_links":{"self":[{"href":"https:\/\/www.hasamaki.fi\/index.php\/wp-json\/wp\/v2\/pages\/966","targetHints":{"allow":["GET"]}}],"collection":[{"href":"https:\/\/www.hasamaki.fi\/index.php\/wp-json\/wp\/v2\/pages"}],"about":[{"href":"https:\/\/www.hasamaki.fi\/index.php\/wp-json\/wp\/v2\/types\/page"}],"author":[{"embeddable":true,"href":"https:\/\/www.hasamaki.fi\/index.php\/wp-json\/wp\/v2\/users\/2"}],"replies":[{"embeddable":true,"href":"https:\/\/www.hasamaki.fi\/index.php\/wp-json\/wp\/v2\/comments?post=966"}],"version-history":[{"count":3,"href":"https:\/\/www.hasamaki.fi\/index.php\/wp-json\/wp\/v2\/pages\/966\/revisions"}],"predecessor-version":[{"id":1078,"href":"https:\/\/www.hasamaki.fi\/index.php\/wp-json\/wp\/v2\/pages\/966\/revisions\/1078"}],"wp:attachment":[{"href":"https:\/\/www.hasamaki.fi\/index.php\/wp-json\/wp\/v2\/media?parent=966"}],"curies":[{"name":"wp","href":"https:\/\/api.w.org\/{rel}","templated":true}]}}