{"id":956,"date":"2025-01-20T09:13:03","date_gmt":"2025-01-20T07:13:03","guid":{"rendered":"https:\/\/www.hasamaki.fi\/?page_id=956"},"modified":"2025-01-20T09:14:49","modified_gmt":"2025-01-20T07:14:49","slug":"ryhmille","status":"publish","type":"page","link":"https:\/\/www.hasamaki.fi\/index.php\/ryhmille\/","title":{"rendered":"Ryhmille"},"content":{"rendered":"\n<p><img loading=\"lazy\" decoding=\"async\" class=\"alignnone size-full wp-image-153\" src=\"https:\/\/www.hasamaki.fi\/wp-content\/uploads\/2018\/11\/ryhmille.jpg\" alt=\"\" width=\"1920\" height=\"800\" srcset=\"https:\/\/www.hasamaki.fi\/wp-content\/uploads\/2018\/11\/ryhmille.jpg 1920w, https:\/\/www.hasamaki.fi\/wp-content\/uploads\/2018\/11\/ryhmille-300x125.jpg 300w, https:\/\/www.hasamaki.fi\/wp-content\/uploads\/2018\/11\/ryhmille-768x320.jpg 768w, https:\/\/www.hasamaki.fi\/wp-content\/uploads\/2018\/11\/ryhmille-1024x427.jpg 1024w, https:\/\/www.hasamaki.fi\/wp-content\/uploads\/2018\/11\/ryhmille-830x346.jpg 830w, https:\/\/www.hasamaki.fi\/wp-content\/uploads\/2018\/11\/ryhmille-230x96.jpg 230w, https:\/\/www.hasamaki.fi\/wp-content\/uploads\/2018\/11\/ryhmille-350x146.jpg 350w, https:\/\/www.hasamaki.fi\/wp-content\/uploads\/2018\/11\/ryhmille-480x200.jpg 480w\" sizes=\"auto, (max-width: 1920px) 100vw, 1920px\" \/><\/p>\n\n\n\n<h3 class=\"wp-block-heading\">Mainiot puitteet erilaisiin tilaisuuksiin!<\/h3>\n\n\n\n<p>Rinteet vuokrattavissa yrityksille ja ryhmille ruokailupalveluineen.<\/p>\n\n\n\n<p>Hasa soveltuu mainiosti kokousten, vapaamuotoisten illanistujaisten, pikkujoulujen kuin ulkoilup\u00e4ivienkin pitopaikaksi. Rinteet on vuokrattavissa ryhm\u00e4n yksityisk\u00e4ytt\u00f6\u00f6n ja tarjoilu pelaa. Kannattaa kysy\u00e4 tarjous teille sopivasta kokonaisuudesta!<\/p>\n\n\n\n<h3 class=\"wp-block-heading\">Kysy lis\u00e4\u00e4!<\/h3>\n<p>\u00a0<\/p>\n\n\n","protected":false},"excerpt":{"rendered":"<p>Mainiot puitteet erilaisiin tilaisuuksiin! Rinteet vuokrattavissa yrityksille ja ryhmille ruokailupalveluineen. Hasa soveltuu mainiosti kokousten, vapaamuotoisten illanistujaisten, pikkujoulujen kuin ulkoilup\u00e4ivienkin pitopaikaksi. Rinteet on [&hellip;]<\/p>\n","protected":false},"author":2,"featured_media":0,"parent":0,"menu_order":0,"comment_status":"closed","ping_status":"closed","template":"","meta":{"footnotes":""},"class_list":["post-956","page","type-page","status-publish","hentry"],"_links":{"self":[{"href":"https:\/\/www.hasamaki.fi\/index.php\/wp-json\/wp\/v2\/pages\/956","targetHints":{"allow":["GET"]}}],"collection":[{"href":"https:\/\/www.hasamaki.fi\/index.php\/wp-json\/wp\/v2\/pages"}],"about":[{"href":"https:\/\/www.hasamaki.fi\/index.php\/wp-json\/wp\/v2\/types\/page"}],"author":[{"embeddable":true,"href":"https:\/\/www.hasamaki.fi\/index.php\/wp-json\/wp\/v2\/users\/2"}],"replies":[{"embeddable":true,"href":"https:\/\/www.hasamaki.fi\/index.php\/wp-json\/wp\/v2\/comments?post=956"}],"version-history":[{"count":1,"href":"https:\/\/www.hasamaki.fi\/index.php\/wp-json\/wp\/v2\/pages\/956\/revisions"}],"predecessor-version":[{"id":957,"href":"https:\/\/www.hasamaki.fi\/index.php\/wp-json\/wp\/v2\/pages\/956\/revisions\/957"}],"wp:attachment":[{"href":"https:\/\/www.hasamaki.fi\/index.php\/wp-json\/wp\/v2\/media?parent=956"}],"curies":[{"name":"wp","href":"https:\/\/api.w.org\/{rel}","templated":true}]}}