{"id":946,"date":"2025-01-20T08:22:03","date_gmt":"2025-01-20T06:22:03","guid":{"rendered":"https:\/\/www.hasamaki.fi\/?page_id=946"},"modified":"2025-01-20T08:27:57","modified_gmt":"2025-01-20T06:27:57","slug":"vuokraamo","status":"publish","type":"page","link":"https:\/\/www.hasamaki.fi\/index.php\/vuokraamo\/","title":{"rendered":"Vuokraamo"},"content":{"rendered":"\n<p><img loading=\"lazy\" decoding=\"async\" class=\"alignnone size-full wp-image-264\" src=\"https:\/\/www.hasamaki.fi\/wp-content\/uploads\/2018\/11\/sukset-ja-laudat-1.jpg\" alt=\"\" width=\"1920\" height=\"800\" srcset=\"https:\/\/www.hasamaki.fi\/wp-content\/uploads\/2018\/11\/sukset-ja-laudat-1.jpg 1920w, https:\/\/www.hasamaki.fi\/wp-content\/uploads\/2018\/11\/sukset-ja-laudat-1-300x125.jpg 300w, https:\/\/www.hasamaki.fi\/wp-content\/uploads\/2018\/11\/sukset-ja-laudat-1-768x320.jpg 768w, https:\/\/www.hasamaki.fi\/wp-content\/uploads\/2018\/11\/sukset-ja-laudat-1-1024x427.jpg 1024w, https:\/\/www.hasamaki.fi\/wp-content\/uploads\/2018\/11\/sukset-ja-laudat-1-830x346.jpg 830w, https:\/\/www.hasamaki.fi\/wp-content\/uploads\/2018\/11\/sukset-ja-laudat-1-230x96.jpg 230w, https:\/\/www.hasamaki.fi\/wp-content\/uploads\/2018\/11\/sukset-ja-laudat-1-350x146.jpg 350w, https:\/\/www.hasamaki.fi\/wp-content\/uploads\/2018\/11\/sukset-ja-laudat-1-480x200.jpg 480w\" sizes=\"auto, (max-width: 1920px) 100vw, 1920px\" \/><\/p>\n\n\n\n<div class=\"elementor-element elementor-element-2b6aca41 elementor-widget elementor-widget-text-editor\" data-id=\"2b6aca41\" data-element_type=\"widget\" data-widget_type=\"text-editor.default\">\n<div class=\"elementor-widget-container\">\n<h2>Rinteeseen kunnon varusteissa!<\/h2>\n<p>Vuokraamostamme l\u00f6yd\u00e4t lasketteluv\u00e4lineet niin lapsille kuin aikuisille. V\u00e4lineit\u00e4 on reilusti, isommallekin ryhm\u00e4lle.<\/p>\n<p>Asiantunteva henkil\u00f6kunta osaa opastaa sinut oikeilla v\u00e4lineill\u00e4 rinteeseen.<\/p>\n<p>\u00a0<\/p>\n<\/div>\n<\/div>\n<div class=\"elementor-element elementor-element-834f400 elementor-widget elementor-widget-image\" data-id=\"834f400\" data-element_type=\"widget\" data-widget_type=\"image.default\">\n<div class=\"elementor-widget-container\">\u00a0<\/div>\n<\/div>\n<section class=\"elementor-section elementor-inner-section elementor-element elementor-element-38ef5db elementor-section-boxed elementor-section-height-default elementor-section-height-default\" data-id=\"38ef5db\" data-element_type=\"section\">\n<div class=\"elementor-container elementor-column-gap-default\">\n<div class=\"elementor-column elementor-col-50 elementor-inner-column elementor-element elementor-element-09afea7\" data-id=\"09afea7\" data-element_type=\"column\">\n<div class=\"elementor-widget-wrap elementor-element-populated\">\n<div class=\"elementor-element elementor-element-665a2cf elementor-widget elementor-widget-text-editor\" data-id=\"665a2cf\" data-element_type=\"widget\" data-widget_type=\"text-editor.default\">\n<div class=\"elementor-widget-container\">\n<p>Vuokraa meilt\u00e4 E-Fatbike. Mainio kulkupeli my\u00f6s talviseen ajeluun! (ks. <a href=\"https:\/\/www.hasamaki.fi\/index.php\/hinnasto\/\">hinnasto<\/a>)<\/p>\n<\/div>\n<\/div>\n<\/div>\n<\/div>\n<\/div>\n<\/section>\n","protected":false},"excerpt":{"rendered":"<p>Rinteeseen kunnon varusteissa! Vuokraamostamme l\u00f6yd\u00e4t lasketteluv\u00e4lineet niin lapsille kuin aikuisille. V\u00e4lineit\u00e4 on reilusti, isommallekin ryhm\u00e4lle. Asiantunteva henkil\u00f6kunta osaa opastaa sinut oikeilla v\u00e4lineill\u00e4 [&hellip;]<\/p>\n","protected":false},"author":2,"featured_media":0,"parent":0,"menu_order":0,"comment_status":"closed","ping_status":"closed","template":"","meta":{"footnotes":""},"class_list":["post-946","page","type-page","status-publish","hentry"],"_links":{"self":[{"href":"https:\/\/www.hasamaki.fi\/index.php\/wp-json\/wp\/v2\/pages\/946","targetHints":{"allow":["GET"]}}],"collection":[{"href":"https:\/\/www.hasamaki.fi\/index.php\/wp-json\/wp\/v2\/pages"}],"about":[{"href":"https:\/\/www.hasamaki.fi\/index.php\/wp-json\/wp\/v2\/types\/page"}],"author":[{"embeddable":true,"href":"https:\/\/www.hasamaki.fi\/index.php\/wp-json\/wp\/v2\/users\/2"}],"replies":[{"embeddable":true,"href":"https:\/\/www.hasamaki.fi\/index.php\/wp-json\/wp\/v2\/comments?post=946"}],"version-history":[{"count":3,"href":"https:\/\/www.hasamaki.fi\/index.php\/wp-json\/wp\/v2\/pages\/946\/revisions"}],"predecessor-version":[{"id":954,"href":"https:\/\/www.hasamaki.fi\/index.php\/wp-json\/wp\/v2\/pages\/946\/revisions\/954"}],"wp:attachment":[{"href":"https:\/\/www.hasamaki.fi\/index.php\/wp-json\/wp\/v2\/media?parent=946"}],"curies":[{"name":"wp","href":"https:\/\/api.w.org\/{rel}","templated":true}]}}