{"id":54,"date":"2018-10-09T13:27:53","date_gmt":"2018-10-09T10:27:53","guid":{"rendered":"https:\/\/www.hasamaki.fi\/?page_id=54"},"modified":"2026-01-09T19:25:42","modified_gmt":"2026-01-09T17:25:42","slug":"hinnasto","status":"publish","type":"page","link":"https:\/\/www.hasamaki.fi\/index.php\/hinnasto\/","title":{"rendered":"Hinnasto"},"content":{"rendered":"\n<figure class=\"wp-block-image size-large\"><img loading=\"lazy\" decoding=\"async\" width=\"1024\" height=\"427\" src=\"https:\/\/www.hasamaki.fi\/wp-content\/uploads\/2018\/11\/hyppy-1024x427.jpg\" alt=\"\" class=\"wp-image-291\" srcset=\"https:\/\/www.hasamaki.fi\/wp-content\/uploads\/2018\/11\/hyppy-1024x427.jpg 1024w, https:\/\/www.hasamaki.fi\/wp-content\/uploads\/2018\/11\/hyppy-300x125.jpg 300w, https:\/\/www.hasamaki.fi\/wp-content\/uploads\/2018\/11\/hyppy-768x320.jpg 768w, https:\/\/www.hasamaki.fi\/wp-content\/uploads\/2018\/11\/hyppy-830x346.jpg 830w, https:\/\/www.hasamaki.fi\/wp-content\/uploads\/2018\/11\/hyppy-230x96.jpg 230w, https:\/\/www.hasamaki.fi\/wp-content\/uploads\/2018\/11\/hyppy-350x146.jpg 350w, https:\/\/www.hasamaki.fi\/wp-content\/uploads\/2018\/11\/hyppy-480x200.jpg 480w, https:\/\/www.hasamaki.fi\/wp-content\/uploads\/2018\/11\/hyppy.jpg 1920w\" sizes=\"auto, (max-width: 1024px) 100vw, 1024px\" \/><\/figure>\n\n\n\n<h2 class=\"wp-block-heading has-vivid-cyan-blue-color has-text-color\">Hissiliput:<\/h2>\n\n\n\n<p><\/p>\n\n\n\n<table id=\"tablepress-1\" class=\"tablepress tablepress-id-1\">\n<thead>\n<tr class=\"row-1\">\n\t<th class=\"column-1\">Hissiliput<\/th><th class=\"column-2\">Aikuiset \/ \u20ac<\/th><th class=\"column-3\">Lapset 6-11 v \/ \u20ac<\/th>\n<\/tr>\n<\/thead>\n<tbody class=\"row-striping row-hover\">\n<tr class=\"row-2\">\n\t<td class=\"column-1\">1 h<\/td><td class=\"column-2\">20<\/td><td class=\"column-3\">13<\/td>\n<\/tr>\n<tr class=\"row-3\">\n\t<td class=\"column-1\">2 h<\/td><td class=\"column-2\">23<\/td><td class=\"column-3\">18<\/td>\n<\/tr>\n<tr class=\"row-4\">\n\t<td class=\"column-1\">3 h<\/td><td class=\"column-2\">27<\/td><td class=\"column-3\">21<\/td>\n<\/tr>\n<tr class=\"row-5\">\n\t<td class=\"column-1\">4 h<\/td><td class=\"column-2\">30<\/td><td class=\"column-3\">23<\/td>\n<\/tr>\n<tr class=\"row-6\">\n\t<td class=\"column-1\">P\u00e4iv\u00e4<\/td><td class=\"column-2\">35<\/td><td class=\"column-3\">28<\/td>\n<\/tr>\n<\/tbody>\n<\/table>\n<!-- #tablepress-1 from cache -->\n\n\n\n<p>Et\u00e4luettava snowcard-kortti, jolle voit ladata liput sek\u00e4 rahaa ravintolaostoja varten: 5\u20ac<\/p>\n\n\n\n<hr class=\"wp-block-separator has-css-opacity\"\/>\n\n\n\n<h2 class=\"wp-block-heading has-vivid-cyan-blue-color has-text-color\">Kausikortit:<\/h2>\n\n\n\n<p>Kausikortit voit tilata my\u00f6s puhelimitse&nbsp;<strong>+358 45 649 8099<\/strong>&nbsp;tai s\u00e4hk\u00f6postilla&nbsp;<strong>hasarinteet@gmail.com<\/strong><\/p>\n\n\n\n<hr class=\"wp-block-separator has-css-opacity\"\/>\n\n\n\n<h3 class=\"wp-block-heading\">Aikuisten kausikortti 340\u20ac <\/h3>\n\n\n\n<p>&#8211; 12 vuotta t\u00e4ytt\u00e4neille ja sit\u00e4 vanhemmille <\/p>\n\n\n\n<h3 class=\"wp-block-heading\">Lasten kausikortti 230\u20ac<\/h3>\n\n\n\n<p>&#8211; 11-vuotiaille ja sit\u00e4 nuoremmille<\/p>\n\n\n\n<h3 class=\"wp-block-heading\">Perhekausikortti 600\u20ac<\/h3>\n\n\n\n<p>&#8211; sis\u00e4lt\u00e4\u00e4 kausikortit samaan talouteen kuuluvalle kahdelle aikuiselle ja kahdelle lapselle (17-vuotiaat ja sit\u00e4 nuoremmat). Lis\u00e4kausikortti samaan talouteen kuuluvalle lapselle hintaan&nbsp;<strong>150 \u20ac<\/strong>.<\/p>\n\n\n\n<h3 class=\"wp-block-heading\">Yrityskausikortti 420\u20ac<\/h3>\n\n\n\n<p>(+ alv. 14%)<\/p>\n\n\n\n<ul class=\"wp-block-list\">\n<li>Kaikki kausikortit ovat henkil\u00f6kohtaisia, eik\u00e4 niit\u00e4 saa luovuttaa muiden henkil\u00f6iden k\u00e4ytt\u00f6\u00f6n.<\/li>\n\n\n\n<li>Kadonneesta kausikortista tulee ilmoittaa Hasan henkil\u00f6kunnalle. Uuden lipun ostaminen kadonneen tilalle maksaa 5 euroa.<\/li>\n\n\n\n<li>Kortin haltija on velvoitettu toimimaan henkil\u00f6kunnan ohjeiden ja yleisten rinneturvallisuus s\u00e4\u00e4d\u00f6sten mukaisesti. V\u00e4\u00e4rink\u00e4ytt\u00f6tilanteissa hiihtokeskuksella on oikeus ev\u00e4t\u00e4 kortin k\u00e4ytt\u00f6 m\u00e4\u00e4r\u00e4ajaksi tai kokonaan.<\/li>\n<\/ul>\n\n\n\n<h2 class=\"wp-block-heading has-vivid-cyan-blue-color has-text-color\">V\u00e4linevuokraamosta<\/h2>\n\n\n\n<table id=\"tablepress-2\" class=\"tablepress tablepress-id-2\">\n<thead>\n<tr class=\"row-1\">\n\t<th class=\"column-1\">Suksi-\/lautapaketit<\/th><th class=\"column-2\">\u20ac<\/th>\n<\/tr>\n<\/thead>\n<tbody class=\"row-striping row-hover\">\n<tr class=\"row-2\">\n\t<td class=\"column-1\">1 h<\/td><td class=\"column-2\">15<\/td>\n<\/tr>\n<tr class=\"row-3\">\n\t<td class=\"column-1\">2 h<\/td><td class=\"column-2\">18<\/td>\n<\/tr>\n<tr class=\"row-4\">\n\t<td class=\"column-1\">3 h<\/td><td class=\"column-2\">21<\/td>\n<\/tr>\n<tr class=\"row-5\">\n\t<td class=\"column-1\">4 h<\/td><td class=\"column-2\">23<\/td>\n<\/tr>\n<tr class=\"row-6\">\n\t<td class=\"column-1\">P\u00e4iv\u00e4<\/td><td class=\"column-2\">26<\/td>\n<\/tr>\n<\/tbody>\n<\/table>\n<!-- #tablepress-2 from cache -->\n\n\n\n<h2 class=\"wp-block-heading\"><img loading=\"lazy\" decoding=\"async\" src=\"https:\/\/www.hasamaki.fi\/wp-content\/uploads\/2021\/02\/fatbike1.jpg\" alt=\"\" width=\"1600\" height=\"757\"><\/h2>\n\n\n\n<h2 class=\"wp-block-heading has-vivid-cyan-blue-color has-text-color\">E-Fatbike:<\/h2>\n\n\n\n<p>Hasan kausikortilla -10%, my\u00f6s kes\u00e4aika<\/p>\n","protected":false},"excerpt":{"rendered":"<p>Hissiliput: Et\u00e4luettava snowcard-kortti, jolle voit ladata liput sek\u00e4 rahaa ravintolaostoja varten: 5\u20ac Kausikortit: Kausikortit voit tilata my\u00f6s puhelimitse&nbsp;+358 45 649 8099&nbsp;tai s\u00e4hk\u00f6postilla&nbsp;hasarinteet@gmail.com [&hellip;]<\/p>\n","protected":false},"author":2,"featured_media":0,"parent":0,"menu_order":0,"comment_status":"closed","ping_status":"closed","template":"","meta":{"footnotes":""},"class_list":["post-54","page","type-page","status-publish","hentry"],"_links":{"self":[{"href":"https:\/\/www.hasamaki.fi\/index.php\/wp-json\/wp\/v2\/pages\/54","targetHints":{"allow":["GET"]}}],"collection":[{"href":"https:\/\/www.hasamaki.fi\/index.php\/wp-json\/wp\/v2\/pages"}],"about":[{"href":"https:\/\/www.hasamaki.fi\/index.php\/wp-json\/wp\/v2\/types\/page"}],"author":[{"embeddable":true,"href":"https:\/\/www.hasamaki.fi\/index.php\/wp-json\/wp\/v2\/users\/2"}],"replies":[{"embeddable":true,"href":"https:\/\/www.hasamaki.fi\/index.php\/wp-json\/wp\/v2\/comments?post=54"}],"version-history":[{"count":42,"href":"https:\/\/www.hasamaki.fi\/index.php\/wp-json\/wp\/v2\/pages\/54\/revisions"}],"predecessor-version":[{"id":1043,"href":"https:\/\/www.hasamaki.fi\/index.php\/wp-json\/wp\/v2\/pages\/54\/revisions\/1043"}],"wp:attachment":[{"href":"https:\/\/www.hasamaki.fi\/index.php\/wp-json\/wp\/v2\/media?parent=54"}],"curies":[{"name":"wp","href":"https:\/\/api.w.org\/{rel}","templated":true}]}}