{"id":123,"date":"2018-11-04T11:58:39","date_gmt":"2018-11-04T09:58:39","guid":{"rendered":"https:\/\/www.hasamaki.fi\/?page_id=123"},"modified":"2021-02-12T15:22:16","modified_gmt":"2021-02-12T13:22:16","slug":"majoitusmahdollisuuksia","status":"publish","type":"page","link":"https:\/\/www.hasamaki.fi\/index.php\/majoitusmahdollisuuksia\/","title":{"rendered":"Majoitusmahdollisuuksia"},"content":{"rendered":"\n\n\n<figure class=\"wp-block-image size-large\"><img loading=\"lazy\" decoding=\"async\" width=\"1024\" height=\"427\" src=\"https:\/\/www.hasamaki.fi\/wp-content\/uploads\/2018\/11\/majoitus-1024x427.jpg\" alt=\"\" class=\"wp-image-181\" srcset=\"https:\/\/www.hasamaki.fi\/wp-content\/uploads\/2018\/11\/majoitus-1024x427.jpg 1024w, https:\/\/www.hasamaki.fi\/wp-content\/uploads\/2018\/11\/majoitus-300x125.jpg 300w, https:\/\/www.hasamaki.fi\/wp-content\/uploads\/2018\/11\/majoitus-768x320.jpg 768w, https:\/\/www.hasamaki.fi\/wp-content\/uploads\/2018\/11\/majoitus-830x346.jpg 830w, https:\/\/www.hasamaki.fi\/wp-content\/uploads\/2018\/11\/majoitus-230x96.jpg 230w, https:\/\/www.hasamaki.fi\/wp-content\/uploads\/2018\/11\/majoitus-350x146.jpg 350w, https:\/\/www.hasamaki.fi\/wp-content\/uploads\/2018\/11\/majoitus-480x200.jpg 480w, https:\/\/www.hasamaki.fi\/wp-content\/uploads\/2018\/11\/majoitus.jpg 1920w\" sizes=\"auto, (max-width: 1024px) 100vw, 1024px\" \/><\/figure>\n\n\n<p>Hasan rinteiden sek\u00e4 maastohiihto-, py\u00f6r\u00e4ily- ja ulkoilureittien l\u00e4heisyydess\u00e4 sijaitsee korkeatasoisia majoituspaikkoja:<\/p>\n<p class=\"p1\"><strong>Laatulomat<\/strong><br \/><a href=\"http:\/\/laatulomat.fi\/fi\/\" target=\"_blank\" rel=\"noopener noreferrer\">http:\/\/laatulomat.fi\/fi\/<\/a><\/p>\n<p class=\"p1\"><strong>Partalan Kuninkaankartano<\/strong><br \/><a href=\"http:\/\/www.partalankartano.fi\/\" target=\"_blank\" rel=\"noopener noreferrer\">http:\/\/www.partalankartano.fi\/<\/a><\/p>\n<p class=\"p1\"><strong>Kannashovi<\/strong><br \/><a href=\"http:\/\/www.kannashovi.fi\/\" target=\"_blank\" rel=\"noopener noreferrer\">http:\/\/www.kannashovi.fi\/<\/a><\/p>\n<p>Lis\u00e4tietoa alueen matkailupalveluista saat osoitteesta <a href=\"http:\/\/www.juva.fi\" target=\"_blank\" rel=\"noopener noreferrer\">www.juva.fi<\/a><\/p>","protected":false},"excerpt":{"rendered":"<p>Hasan rinteiden sek\u00e4 maastohiihto-, py\u00f6r\u00e4ily- ja ulkoilureittien l\u00e4heisyydess\u00e4 sijaitsee korkeatasoisia majoituspaikkoja: Laatulomathttp:\/\/laatulomat.fi\/fi\/ Partalan Kuninkaankartanohttp:\/\/www.partalankartano.fi\/ Kannashovihttp:\/\/www.kannashovi.fi\/ Lis\u00e4tietoa alueen matkailupalveluista saat osoitteesta www.juva.fi<\/p>\n","protected":false},"author":2,"featured_media":181,"parent":0,"menu_order":0,"comment_status":"closed","ping_status":"closed","template":"","meta":{"footnotes":""},"class_list":["post-123","page","type-page","status-publish","has-post-thumbnail","hentry"],"_links":{"self":[{"href":"https:\/\/www.hasamaki.fi\/index.php\/wp-json\/wp\/v2\/pages\/123","targetHints":{"allow":["GET"]}}],"collection":[{"href":"https:\/\/www.hasamaki.fi\/index.php\/wp-json\/wp\/v2\/pages"}],"about":[{"href":"https:\/\/www.hasamaki.fi\/index.php\/wp-json\/wp\/v2\/types\/page"}],"author":[{"embeddable":true,"href":"https:\/\/www.hasamaki.fi\/index.php\/wp-json\/wp\/v2\/users\/2"}],"replies":[{"embeddable":true,"href":"https:\/\/www.hasamaki.fi\/index.php\/wp-json\/wp\/v2\/comments?post=123"}],"version-history":[{"count":5,"href":"https:\/\/www.hasamaki.fi\/index.php\/wp-json\/wp\/v2\/pages\/123\/revisions"}],"predecessor-version":[{"id":607,"href":"https:\/\/www.hasamaki.fi\/index.php\/wp-json\/wp\/v2\/pages\/123\/revisions\/607"}],"wp:featuredmedia":[{"embeddable":true,"href":"https:\/\/www.hasamaki.fi\/index.php\/wp-json\/wp\/v2\/media\/181"}],"wp:attachment":[{"href":"https:\/\/www.hasamaki.fi\/index.php\/wp-json\/wp\/v2\/media?parent=123"}],"curies":[{"name":"wp","href":"https:\/\/api.w.org\/{rel}","templated":true}]}}